{"id":2,"date":"2021-11-16T21:44:13","date_gmt":"2021-11-16T21:44:13","guid":{"rendered":"https:\/\/www.inspiredmelodies.com\/?page_id=2"},"modified":"2024-05-02T13:37:54","modified_gmt":"2024-05-02T11:37:54","slug":"sample-page","status":"publish","type":"page","link":"https:\/\/www.inspiredmelodies.com\/","title":{"rendered":"InspiredMelodies"},"content":{"rendered":"\n<p>InspiredMelodies cr\u00e9e des musiques agr\u00e9ables \u00e0 \u00e9couter, pour se d\u00e9tendre, se concentrer, et illustrer des projets vid\u00e9os<\/p>\n\n\n\n<p class=\"has-text-align-center\"><strong><em><a href=\"https:\/\/www.inspiredmelodies.com\/index.php\/solip-oh\/\" data-type=\"page\" data-id=\"17\">Qui est Solip<\/a><\/em><\/strong><\/p>\n\n\n\n<p class=\"has-text-align-center\"><em><a href=\"https:\/\/www.inspiredmelodies.com\/?page_id=98\" data-type=\"page\" data-id=\"98\"><strong>Contact<\/strong><\/a><\/em><\/p>\n\n\n\n<p class=\"has-text-align-center\"><a href=\"https:\/\/www.inspiredmelodies.com\/?page_id=15\" target=\"_blank\" rel=\"noreferrer noopener\"><strong><em>Portfolio<\/em><\/strong><\/a><\/p>\n\n\n\n<p class=\"has-text-align-center\"><em><strong><a href=\"http:\/\/www.patreon.com\/inspiredmelodies\">Music scores <em><strong>(Partitions)<\/strong><\/em>, Blog<\/a><\/strong><\/em><\/p>\n\n\n\n<p class=\"has-text-align-center\"><a href=\"https:\/\/www.jamendo.com\/artist\/507732\/solip-oh\"><strong><em>Piano classique et musique in-store (Jamendo)<\/em><\/strong><\/a><\/p>\n\n\n\n<p class=\"has-text-align-center\"><a href=\"https:\/\/www.pond5.com\/artist\/inspiredmelodies\"><strong><em>Musique instrumentale, corporate, projets cr\u00e9atifs (Pond5)<\/em><\/strong><\/a><\/p>\n","protected":false},"excerpt":{"rendered":"<p>InspiredMelodies cr\u00e9e des musiques agr\u00e9ables \u00e0 \u00e9couter, pour se d\u00e9tendre, se concentrer, et illustrer des projets vid\u00e9os Qui est Solip Contact Portfolio Music scores (Partitions), Blog Piano classique et musique in-store (Jamendo) Musique instrumentale, corporate, projets cr\u00e9atifs (Pond5)<\/p>\n","protected":false},"author":1,"featured_media":0,"parent":0,"menu_order":0,"comment_status":"closed","ping_status":"open","template":"templates\/template-cover.php","meta":{"footnotes":""},"class_list":["post-2","page","type-page","status-publish","hentry"],"_links":{"self":[{"href":"https:\/\/www.inspiredmelodies.com\/index.php\/wp-json\/wp\/v2\/pages\/2","targetHints":{"allow":["GET"]}}],"collection":[{"href":"https:\/\/www.inspiredmelodies.com\/index.php\/wp-json\/wp\/v2\/pages"}],"about":[{"href":"https:\/\/www.inspiredmelodies.com\/index.php\/wp-json\/wp\/v2\/types\/page"}],"author":[{"embeddable":true,"href":"https:\/\/www.inspiredmelodies.com\/index.php\/wp-json\/wp\/v2\/users\/1"}],"replies":[{"embeddable":true,"href":"https:\/\/www.inspiredmelodies.com\/index.php\/wp-json\/wp\/v2\/comments?post=2"}],"version-history":[{"count":11,"href":"https:\/\/www.inspiredmelodies.com\/index.php\/wp-json\/wp\/v2\/pages\/2\/revisions"}],"predecessor-version":[{"id":120,"href":"https:\/\/www.inspiredmelodies.com\/index.php\/wp-json\/wp\/v2\/pages\/2\/revisions\/120"}],"wp:attachment":[{"href":"https:\/\/www.inspiredmelodies.com\/index.php\/wp-json\/wp\/v2\/media?parent=2"}],"curies":[{"name":"wp","href":"https:\/\/api.w.org\/{rel}","templated":true}]}}