{"id":17,"date":"2022-06-23T22:47:48","date_gmt":"2022-06-23T20:47:48","guid":{"rendered":"https:\/\/www.inspiredmelodies.com\/?page_id=17"},"modified":"2024-05-02T13:32:09","modified_gmt":"2024-05-02T11:32:09","slug":"solip-oh","status":"publish","type":"page","link":"https:\/\/www.inspiredmelodies.com\/index.php\/solip-oh\/","title":{"rendered":"Solip"},"content":{"rendered":"\n<p class=\"has-text-align-center\">Solip OH, compositeure, pianiste, productrice de musique et fondatrice d\u2019InspiredMelodies.com. Elle licencie ses musiques pour bande originale et Corporate sur diff\u00e9rentes plateformes internationales. Ses morceaux de piano sont diffus\u00e9s dans des commerces. Ses compositions sont \u00e9galement disponibles pour les particuliers sur Youtube music, Apple music, Spotify, Deezer&#8230;<\/p>\n","protected":false},"excerpt":{"rendered":"<p>Solip OH, compositeure, pianiste, productrice de musique et fondatrice d\u2019InspiredMelodies.com. Elle licencie ses musiques pour bande originale et Corporate sur diff\u00e9rentes plateformes internationales. Ses morceaux de piano sont diffus\u00e9s dans des commerces. Ses compositions sont \u00e9galement disponibles pour les particuliers sur Youtube music, Apple music, Spotify, Deezer&#8230;<\/p>\n","protected":false},"author":2,"featured_media":0,"parent":0,"menu_order":0,"comment_status":"closed","ping_status":"closed","template":"","meta":{"footnotes":""},"class_list":["post-17","page","type-page","status-publish","hentry"],"_links":{"self":[{"href":"https:\/\/www.inspiredmelodies.com\/index.php\/wp-json\/wp\/v2\/pages\/17","targetHints":{"allow":["GET"]}}],"collection":[{"href":"https:\/\/www.inspiredmelodies.com\/index.php\/wp-json\/wp\/v2\/pages"}],"about":[{"href":"https:\/\/www.inspiredmelodies.com\/index.php\/wp-json\/wp\/v2\/types\/page"}],"author":[{"embeddable":true,"href":"https:\/\/www.inspiredmelodies.com\/index.php\/wp-json\/wp\/v2\/users\/2"}],"replies":[{"embeddable":true,"href":"https:\/\/www.inspiredmelodies.com\/index.php\/wp-json\/wp\/v2\/comments?post=17"}],"version-history":[{"count":5,"href":"https:\/\/www.inspiredmelodies.com\/index.php\/wp-json\/wp\/v2\/pages\/17\/revisions"}],"predecessor-version":[{"id":115,"href":"https:\/\/www.inspiredmelodies.com\/index.php\/wp-json\/wp\/v2\/pages\/17\/revisions\/115"}],"wp:attachment":[{"href":"https:\/\/www.inspiredmelodies.com\/index.php\/wp-json\/wp\/v2\/media?parent=17"}],"curies":[{"name":"wp","href":"https:\/\/api.w.org\/{rel}","templated":true}]}}