{"id":15,"date":"2022-06-10T22:55:53","date_gmt":"2022-06-10T20:55:53","guid":{"rendered":"https:\/\/www.inspiredmelodies.com\/?page_id=15"},"modified":"2022-08-26T23:00:36","modified_gmt":"2022-08-26T21:00:36","slug":"portfolio","status":"publish","type":"page","link":"https:\/\/www.inspiredmelodies.com\/index.php\/portfolio\/","title":{"rendered":"Portfolio"},"content":{"rendered":"\n<h2 class=\"has-text-align-center wp-block-heading\"><em>Piano<\/em><\/h2>\n\n\n\n<p class=\"has-text-align-center\">InspiredMelodies r\u00e9alise un grand nombre de projets au piano seulement. Ces morceaux sont toujours jou\u00e9s dans un style calme et enjou\u00e9 de type &#8220;new age&#8221;<\/p>\n\n\n\n<h3 class=\"has-text-align-center wp-block-heading\">Happy Piano<\/h3>\n\n\n\n<pre class=\"wp-block-verse\">Mots cl\u00e9s: brillant, heureux, motivant, joyeux, plein d'espoir<\/pre>\n\n\n\n<figure class=\"wp-block-audio alignwide\"><audio controls src=\"https:\/\/www.inspiredmelodies.com\/wp-content\/uploads\/2022\/08\/Happy-piano-Solip-OH.mp3\"><\/audio><\/figure>\n\n\n\n<hr class=\"wp-block-separator aligncenter has-alpha-channel-opacity is-style-default\"\/>\n\n\n\n<h3 class=\"has-text-align-center wp-block-heading\">Love and memories<\/h3>\n\n\n\n<pre class=\"wp-block-verse has-text-align-left\">Mots cl\u00e9s: romantique, paisible, \u00e9motionnel, tendre, amoureux<\/pre>\n\n\n\n\n\n<hr class=\"wp-block-separator aligncenter has-alpha-channel-opacity is-style-default\"\/>\n\n\n\n<h3 class=\"has-text-align-center wp-block-heading\">Rain<\/h3>\n\n\n\n<pre class=\"wp-block-verse\">Mots cl\u00e9s: po\u00e9tique, \u00e9motionnel, paisible, reposant, sentimental<\/pre>\n\n\n\n\n\n<hr class=\"wp-block-separator aligncenter has-alpha-channel-opacity is-style-wide\"\/>\n\n\n\n<h2 class=\"has-text-align-center wp-block-heading\"><em>Projets multi-instrumentaux<\/em><\/h2>\n\n\n\n<p class=\"has-text-align-center\">Ces pistes musicales combinent plusieurs instruments pour pouvoir accompagner un grand nombre de projets cr\u00e9atifs, par exemple des vid\u00e9os<\/p>\n\n\n\n<h3 class=\"has-text-align-center wp-block-heading\">Happy together<\/h3>\n\n\n\n<pre class=\"wp-block-verse\">Mots cl\u00e9s: joyeux, plein d'espoir, enjou\u00e9, brillant, agr\u00e9able<\/pre>\n\n\n\n<figure class=\"wp-block-audio alignwide\"><audio controls src=\"https:\/\/www.inspiredmelodies.com\/wp-content\/uploads\/2022\/08\/happy_together_r1_2022-02-22_2202-wo-intro.mp3\"><\/audio><\/figure>\n\n\n\n<hr class=\"wp-block-separator aligncenter has-alpha-channel-opacity is-style-default\"\/>\n\n\n\n<h3 class=\"has-text-align-center wp-block-heading\">Rhythmic Piano Guitar<\/h3>\n\n\n\n<pre class=\"wp-block-verse\">Mots cl\u00e9s: positif, brillant, chaud<\/pre>\n\n\n\n\n\n<hr class=\"wp-block-separator aligncenter has-alpha-channel-opacity is-style-default\"\/>\n\n\n\n<h3 class=\"has-text-align-center wp-block-heading\">Black comedy with accordion<\/h3>\n\n\n\n<pre class=\"wp-block-verse\">Mots cl\u00e9s: humoristique, m\u00e9lancolique, sentimental, bande son, accord\u00e9on<\/pre>\n\n\n\n\n\n<p><\/p>\n","protected":false},"excerpt":{"rendered":"<p>Piano InspiredMelodies r\u00e9alise un grand nombre de projets au piano seulement. Ces morceaux sont toujours jou\u00e9s dans un style calme et enjou\u00e9 de type &#8220;new age&#8221; Happy Piano Mots cl\u00e9s: brillant, heureux, motivant, joyeux, plein d&#8217;espoir Love and memories Mots cl\u00e9s: romantique, paisible, \u00e9motionnel, tendre, amoureux Rain Mots cl\u00e9s: po\u00e9tique, \u00e9motionnel, paisible, reposant, sentimental Projets [&hellip;]<\/p>\n","protected":false},"author":2,"featured_media":0,"parent":0,"menu_order":0,"comment_status":"closed","ping_status":"closed","template":"","meta":{"footnotes":""},"class_list":["post-15","page","type-page","status-publish","hentry"],"_links":{"self":[{"href":"https:\/\/www.inspiredmelodies.com\/index.php\/wp-json\/wp\/v2\/pages\/15","targetHints":{"allow":["GET"]}}],"collection":[{"href":"https:\/\/www.inspiredmelodies.com\/index.php\/wp-json\/wp\/v2\/pages"}],"about":[{"href":"https:\/\/www.inspiredmelodies.com\/index.php\/wp-json\/wp\/v2\/types\/page"}],"author":[{"embeddable":true,"href":"https:\/\/www.inspiredmelodies.com\/index.php\/wp-json\/wp\/v2\/users\/2"}],"replies":[{"embeddable":true,"href":"https:\/\/www.inspiredmelodies.com\/index.php\/wp-json\/wp\/v2\/comments?post=15"}],"version-history":[{"count":13,"href":"https:\/\/www.inspiredmelodies.com\/index.php\/wp-json\/wp\/v2\/pages\/15\/revisions"}],"predecessor-version":[{"id":97,"href":"https:\/\/www.inspiredmelodies.com\/index.php\/wp-json\/wp\/v2\/pages\/15\/revisions\/97"}],"wp:attachment":[{"href":"https:\/\/www.inspiredmelodies.com\/index.php\/wp-json\/wp\/v2\/media?parent=15"}],"curies":[{"name":"wp","href":"https:\/\/api.w.org\/{rel}","templated":true}]}}